{"id":13588,"date":"2025-06-27T09:43:39","date_gmt":"2025-06-27T09:43:39","guid":{"rendered":"https:\/\/astrocables.com\/?page_id=13588"},"modified":"2026-02-15T22:28:16","modified_gmt":"2026-02-15T22:28:16","slug":"eaxt","status":"publish","type":"page","link":"https:\/\/astrocables.com\/fr\/eaxt\/","title":{"rendered":"EAXT"},"content":{"rendered":"<div data-elementor-type=\"wp-page\" data-elementor-id=\"13588\" class=\"elementor elementor-13588\">\n\t\t\t\t        <section class=\"elementor-section elementor-top-section elementor-element elementor-element-2da48cf elementor-section-full_width elementor-section-height-default elementor-section-height-default pxl-type-header-none pxl-row-scroll-none pxl-full-content-with-space-none pxl-bg-color-none pxl-section-overlay-none wpr-particle-no wpr-jarallax-no wpr-parallax-no wpr-sticky-section-no\" data-id=\"2da48cf\" data-element_type=\"section\" data-settings=\"{&quot;background_background&quot;:&quot;classic&quot;}\">\n\n                \n                <div class=\"elementor-container elementor-column-gap-default\">\n                <div class=\"elementor-column elementor-col-100 elementor-top-column elementor-element elementor-element-8a7d594 pxl-col-none pxl-column-none\" data-id=\"8a7d594\" data-element_type=\"column\">\r\n        <div class=\"elementor-widget-wrap elementor-element-populated\">\r\n                     \r\n                <section class=\"elementor-section elementor-inner-section elementor-element elementor-element-365dcf9 elementor-hidden-mobile elementor-section-boxed elementor-section-height-default elementor-section-height-default pxl-type-header-none pxl-row-scroll-none pxl-bg-color-none pxl-section-overlay-none wpr-particle-no wpr-jarallax-no wpr-parallax-no wpr-sticky-section-no\" data-id=\"365dcf9\" data-element_type=\"section\">\n\n                \n                <div class=\"elementor-container elementor-column-gap-default\">\n                <div class=\"elementor-column elementor-col-50 elementor-inner-column elementor-element elementor-element-498dd83 pxl-col-none pxl-column-none\" data-id=\"498dd83\" data-element_type=\"column\">\r\n        <div class=\"elementor-widget-wrap\">\r\n                     \r\n                    <\/div>\r\n        <\/div>\r\n                <div class=\"elementor-column elementor-col-50 elementor-inner-column elementor-element elementor-element-71e52af pxl-col-none pxl-column-none\" data-id=\"71e52af\" data-element_type=\"column\">\r\n        <div class=\"elementor-widget-wrap elementor-element-populated\">\r\n                     \r\n        \t\t<div class=\"elementor-element elementor-element-04c965d elementor-widget elementor-widget-image\" data-id=\"04c965d\" data-element_type=\"widget\" data-widget_type=\"image.default\">\n\t\t\t\t\t\t\t\t\t\t\t\t\t\t\t<img fetchpriority=\"high\" decoding=\"async\" width=\"1024\" height=\"777\" src=\"https:\/\/astrocables.com\/wp-content\/uploads\/2026\/02\/EAXT-1024x777.webp\" class=\"attachment-large size-large wp-image-16886\" alt=\"EAXT aluminum conductor cable by Astro Cables Company for efficient power transmission.\" srcset=\"https:\/\/astrocables.com\/wp-content\/uploads\/2026\/02\/EAXT-1024x777.webp 1024w, https:\/\/astrocables.com\/wp-content\/uploads\/2026\/02\/EAXT-300x228.webp 300w, https:\/\/astrocables.com\/wp-content\/uploads\/2026\/02\/EAXT-768x583.webp 768w, https:\/\/astrocables.com\/wp-content\/uploads\/2026\/02\/EAXT-16x12.webp 16w, https:\/\/astrocables.com\/wp-content\/uploads\/2026\/02\/EAXT-935x710.webp 935w, https:\/\/astrocables.com\/wp-content\/uploads\/2026\/02\/EAXT.webp 1080w\" sizes=\"(max-width: 1024px) 100vw, 1024px\" \/>\t\t\t\t\t\t\t\t\t\t\t\t\t\t\t<\/div>\n\t\t            <\/div>\r\n        <\/div>\r\n        \t\t\t<\/div>\n\t\t<\/section>\n\t\t        <section class=\"elementor-section elementor-inner-section elementor-element elementor-element-e671d9c elementor-section-boxed elementor-section-height-default elementor-section-height-default pxl-type-header-none pxl-row-scroll-none pxl-bg-color-none pxl-section-overlay-none wpr-particle-no wpr-jarallax-no wpr-parallax-no wpr-sticky-section-no\" data-id=\"e671d9c\" data-element_type=\"section\">\n\n                \n                <div class=\"elementor-container elementor-column-gap-default\">\n                <div class=\"elementor-column elementor-col-100 elementor-inner-column elementor-element elementor-element-ca1e264 pxl-col-none pxl-column-none\" data-id=\"ca1e264\" data-element_type=\"column\">\r\n        <div class=\"elementor-widget-wrap elementor-element-populated\">\r\n                     \r\n        \t\t<div class=\"elementor-element elementor-element-5033703 wpr-dual-heading-icon-top elementor-widget elementor-widget-wpr-dual-color-heading\" data-id=\"5033703\" data-element_type=\"widget\" data-widget_type=\"wpr-dual-color-heading.default\">\n\t\t\t\t\t\t\t\t<div class=\"wpr-dual-heading-wrap\">\n\t\t\t\t<div class=\"wpr-dual-title-wrap\">\n\t\t\t\t\t<h2 class=\"wpr-dual-title\">\n\t\t\t\t\t\t\t\t\t\t\t<span class=\"first\">EAXT<\/span>\n\t\t\t\t\t\t\t\t\t\t\n\t\t\t\t\t\t\t\t\t\t<\/h2>\n\t\t\t\t<\/div>\n\t\t\t\t\n\t\t\t\t\t\t\t\t\t<div class=\"wpr-dual-heading-description\" >EAXT - ABC Cables 0.6\/1 KV<\/div>\n\t\t\t\t\n\t\t\t\t\n\t\t\t<\/div>\n\t\t\t\t\t\t<\/div>\n\t\t            <\/div>\r\n        <\/div>\r\n        \t\t\t<\/div>\n\t\t<\/section>\n\t\t        <section class=\"elementor-section elementor-inner-section elementor-element elementor-element-aa9ecfd elementor-section-boxed elementor-section-height-default elementor-section-height-default pxl-type-header-none pxl-row-scroll-none pxl-bg-color-none pxl-section-overlay-none wpr-particle-no wpr-jarallax-no wpr-parallax-no wpr-sticky-section-no\" data-id=\"aa9ecfd\" data-element_type=\"section\">\n\n                \n                <div class=\"elementor-container elementor-column-gap-default\">\n                <div class=\"elementor-column elementor-col-33 elementor-inner-column elementor-element elementor-element-1c536da pxl-col-none pxl-column-none\" data-id=\"1c536da\" data-element_type=\"column\">\r\n        <div class=\"elementor-widget-wrap elementor-element-populated\">\r\n                     \r\n        \t\t<div class=\"elementor-element elementor-element-7a8c486 elementor-hidden-desktop elementor-hidden-tablet elementor-widget elementor-widget-image\" data-id=\"7a8c486\" data-element_type=\"widget\" data-widget_type=\"image.default\">\n\t\t\t\t\t\t\t\t\t\t\t\t\t\t\t<img fetchpriority=\"high\" decoding=\"async\" width=\"1024\" height=\"777\" src=\"https:\/\/astrocables.com\/wp-content\/uploads\/2026\/02\/EAXT-1024x777.webp\" class=\"attachment-large size-large wp-image-16886\" alt=\"EAXT aluminum conductor cable by Astro Cables Company for efficient power transmission.\" srcset=\"https:\/\/astrocables.com\/wp-content\/uploads\/2026\/02\/EAXT-1024x777.webp 1024w, https:\/\/astrocables.com\/wp-content\/uploads\/2026\/02\/EAXT-300x228.webp 300w, https:\/\/astrocables.com\/wp-content\/uploads\/2026\/02\/EAXT-768x583.webp 768w, https:\/\/astrocables.com\/wp-content\/uploads\/2026\/02\/EAXT-16x12.webp 16w, https:\/\/astrocables.com\/wp-content\/uploads\/2026\/02\/EAXT-935x710.webp 935w, https:\/\/astrocables.com\/wp-content\/uploads\/2026\/02\/EAXT.webp 1080w\" sizes=\"(max-width: 1024px) 100vw, 1024px\" \/>\t\t\t\t\t\t\t\t\t\t\t\t\t\t\t<\/div>\n\t\t\t\t<div class=\"elementor-element elementor-element-5c0b120 wpr-dual-heading-icon-top elementor-widget elementor-widget-wpr-dual-color-heading\" data-id=\"5c0b120\" data-element_type=\"widget\" data-widget_type=\"wpr-dual-color-heading.default\">\n\t\t\t\t\t\t\t\t<div class=\"wpr-dual-heading-wrap\">\n\t\t\t\t<div class=\"wpr-dual-title-wrap\">\n\t\t\t\t\t<h2 class=\"wpr-dual-title\">\n\t\t\t\t\t\t\t\t\t\t\t<span class=\"first\">CANDIDATURE<\/span>\n\t\t\t\t\t\t\t\t\t\t\n\t\t\t\t\t\t\t\t\t\t<\/h2>\n\t\t\t\t<\/div>\n\t\t\t\t\n\t\t\t\t\t\t\t\t\t<div class=\"wpr-dual-heading-description\" >Les c\u00e2bles a\u00e9riens en faisceau sont con\u00e7us pour une installation fixe en tant que lignes de distribution a\u00e9riennes.<\/div>\n\t\t\t\t\n\t\t\t\t\n\t\t\t<\/div>\n\t\t\t\t\t\t<\/div>\n\t\t\t\t<div class=\"elementor-element elementor-element-fee279a elementor-widget elementor-widget-heading\" data-id=\"fee279a\" data-element_type=\"widget\" data-widget_type=\"heading.default\">\n\t\t\t\t<div class=\"elementor-widget-container\">\n\t\t\t\t\t<div id=\"pxl-heading-fee279a-5416\" class=\"pxl-heading typewriter-color\">\n\t<div class=\"pxl-heading--inner\">\n\t\t\n\t\t\t\t\t<h3 class=\"pxl-item--title  highlight-default\" data-wow-delay=\"ms\">\n\t\t\t\tLa construction\t\t\n\t\t\t<\/h3>\n\t\t\n\t\t\t<\/div>\n<\/div>\t\t\t\t<\/div>\n\t\t\t\t<\/div>\n\t\t\t\t<div class=\"elementor-element elementor-element-95059d0 elementor-widget elementor-widget-html\" data-id=\"95059d0\" data-element_type=\"widget\" data-widget_type=\"html.default\">\n\t\t\t\t\t<!DOCTYPE html>\r\n<html lang=\"en\">\r\n<head>\r\n    <meta charset=\"UTF-8\">\r\n    <meta name=\"viewport\" content=\"width=device-width, initial-scale=1.0\">\r\n    <title>Wire Specifications<\/title>\r\n    <style>\r\n        body {\r\n            font-family: Arial, sans-serif;\r\n            background-color: white;\r\n        }\r\n        .spec-table {\r\n            width: 100%;\r\n            border-collapse: collapse;\r\n            background-color: white;\r\n        }\r\n        .spec-table th, \r\n        .spec-table td {\r\n            padding: 5px;\r\n            text-align: left;\r\n            border: none;\r\n            border-bottom: 2px solid red;\r\n            line-height: 1.2;\r\n        }\r\n        .spec-table th {\r\n            font-weight: bold;\r\n            width: 30%;\r\n        }\r\n    <\/style>\r\n<\/head>\r\n<body>\r\n    <table class=\"spec-table\">\r\n        <tr>\r\n            <th class=\"spec-title\">Chef d'orchestre<\/th>\r\n            <td class=\"spec-detail\">Round Stranded Aluminium<\/td>\r\n        <\/tr>\r\n        <tr>\r\n            <th class=\"spec-title\">Neutral\r\n(Messenger)<\/th>\r\n            <td class=\"spec-detail\">Round Stranded Aluminium Alloy (AAAC)<\/td>\r\n        <\/tr>\r\n        <tr>\r\n            <th class=\"spec-title\">Street\r\nlighting\r\nconductor<\/th>\r\n            <td class=\"spec-detail\">Round Stranded Aluminium H-14 as per (BS EN 60889) - Cross section: 16 mm2<\/td>\r\n        <\/tr>\r\n        <tr>\r\n            <th class=\"spec-title\">Isolation<\/th>\r\n            <td class=\"spec-detail\">Black XLPF applied around the conductor and withstands till 90 C<\/td>\r\n        <\/tr>\r\n        <tr>\r\n            <th class=\"spec-title\">Couleurs<\/th>\r\n            <td class=\"spec-detail\">Black with numbered and labeled phases for easy identification<\/td>\r\n        <\/tr>\r\n    <\/table>\r\n<\/body>\r\n<\/html>\r\n\t\t\t\t<\/div>\n\t\t\t\t<div class=\"elementor-element elementor-element-c8afaa2 elementor-widget elementor-widget-heading\" data-id=\"c8afaa2\" data-element_type=\"widget\" data-widget_type=\"heading.default\">\n\t\t\t\t<div class=\"elementor-widget-container\">\n\t\t\t\t\t<div id=\"pxl-heading-c8afaa2-9803\" class=\"pxl-heading typewriter-color\">\n\t<div class=\"pxl-heading--inner\">\n\t\t\n\t\t\t\t\t<h3 class=\"pxl-item--title  highlight-default\" data-wow-delay=\"ms\">\n\t\t\t\tNotations\t\t\n\t\t\t<\/h3>\n\t\t\n\t\t\t<\/div>\n<\/div>\t\t\t\t<\/div>\n\t\t\t\t<\/div>\n\t\t\t\t<div class=\"elementor-element elementor-element-842347b elementor-widget elementor-widget-html\" data-id=\"842347b\" data-element_type=\"widget\" data-widget_type=\"html.default\">\n\t\t\t\t\t<!DOCTYPE html>\r\n<html lang=\"en\">\r\n<head>\r\n    <meta charset=\"UTF-8\">\r\n    <meta name=\"viewport\" content=\"width=device-width, initial-scale=1.0\">\r\n    <title>Wire Specifications<\/title>\r\n    <style>\r\n        body {\r\n            font-family: Arial, sans-serif;\r\n            background-color: white;\r\n        }\r\n        .spec-table {\r\n            width: 100%;\r\n            border-collapse: collapse;\r\n            background-color: white;\r\n        }\r\n        .spec-table th, \r\n        .spec-table td {\r\n            padding: 8px;\r\n            text-align: left;\r\n            border: none; \r\n            border-bottom: 2px solid red;\r\n            line-height: 1.2;\r\n        }\r\n        .spec-table th {\r\n            font-weight: bold;\r\n            width: 30%;\r\n        }\r\n    <\/style>\r\n<\/head>\r\n<body>\r\n    <table class=\"spec-table\">\r\n        <tr>\r\n            <th class=\"spec-title\">Temp\u00e9rature<\/th>\r\n            <td class=\"spec-detail\">- 20 C to + 90 C<\/td>\r\n        <\/tr>\r\n        <tr>\r\n            <th class=\"spec-title\">Tension<\/th>\r\n            <td class=\"spec-detail\">600\/1000 V<\/td>\r\n        <\/tr>\r\n        <tr>\r\n            <th class=\"spec-title\">Normes applicables<\/th>\r\n            <td class=\"spec-detail\">NFC 33-209, IEC 60502-1<\/td>\r\n        <\/tr>\r\n        <tr>\r\n            <th class=\"spec-title\">Emballage<\/th>\r\n            <td class=\"spec-detail\">Supplied on Wooden drums to ensure safe storage and transport<\/td>\r\n        <\/tr>\r\n    <\/table>\r\n<\/body>\r\n<\/html>\r\n\t\t\t\t<\/div>\n\t\t            <\/div>\r\n        <\/div>\r\n                <div class=\"elementor-column elementor-col-33 elementor-inner-column elementor-element elementor-element-ddf21d3 elementor-hidden-mobile pxl-col-none pxl-column-none\" data-id=\"ddf21d3\" data-element_type=\"column\">\r\n        <div class=\"elementor-widget-wrap\">\r\n                     \r\n                    <\/div>\r\n        <\/div>\r\n                <div class=\"elementor-column elementor-col-33 elementor-inner-column elementor-element elementor-element-31e6023 pxl-col-none pxl-column-none\" data-id=\"31e6023\" data-element_type=\"column\">\r\n        <div class=\"elementor-widget-wrap elementor-element-populated\">\r\n                     \r\n        \t\t<div class=\"elementor-element elementor-element-d4bcbc9 elementor-position-left elementor-vertical-align-middle elementor-widget elementor-widget-image-box\" data-id=\"d4bcbc9\" data-element_type=\"widget\" data-widget_type=\"image-box.default\">\n\t\t\t\t\t<div class=\"elementor-image-box-wrapper\"><figure class=\"elementor-image-box-img\"><img decoding=\"async\" width=\"314\" height=\"313\" src=\"https:\/\/astrocables.com\/wp-content\/uploads\/2025\/03\/Voltage.png\" class=\"attachment-full size-full wp-image-10602\" alt=\"\" srcset=\"https:\/\/astrocables.com\/wp-content\/uploads\/2025\/03\/Voltage.png 314w, https:\/\/astrocables.com\/wp-content\/uploads\/2025\/03\/Voltage-300x300.png 300w, https:\/\/astrocables.com\/wp-content\/uploads\/2025\/03\/Voltage-150x150.png 150w\" sizes=\"(max-width: 314px) 100vw, 314px\" \/><\/figure><div class=\"elementor-image-box-content\"><p class=\"elementor-image-box-description\">Rated Voltage 0.6\/1 kv<\/p><\/div><\/div>\t\t\t\t<\/div>\n\t\t\t\t<div class=\"elementor-element elementor-element-386122c elementor-position-left elementor-vertical-align-middle elementor-widget elementor-widget-image-box\" data-id=\"386122c\" data-element_type=\"widget\" data-widget_type=\"image-box.default\">\n\t\t\t\t\t<div class=\"elementor-image-box-wrapper\"><figure class=\"elementor-image-box-img\"><img decoding=\"async\" width=\"315\" height=\"312\" src=\"https:\/\/astrocables.com\/wp-content\/uploads\/2025\/03\/Bending.png\" class=\"attachment-full size-full wp-image-10597\" alt=\"\" srcset=\"https:\/\/astrocables.com\/wp-content\/uploads\/2025\/03\/Bending.png 315w, https:\/\/astrocables.com\/wp-content\/uploads\/2025\/03\/Bending-300x297.png 300w, https:\/\/astrocables.com\/wp-content\/uploads\/2025\/03\/Bending-150x150.png 150w\" sizes=\"(max-width: 315px) 100vw, 315px\" \/><\/figure><div class=\"elementor-image-box-content\"><p class=\"elementor-image-box-description\">Minimum Bending Radius (mm) 15 x Overall Diameter<\/p><\/div><\/div>\t\t\t\t<\/div>\n\t\t\t\t<div class=\"elementor-element elementor-element-2f4a88a elementor-position-left elementor-vertical-align-middle elementor-widget elementor-widget-image-box\" data-id=\"2f4a88a\" data-element_type=\"widget\" data-widget_type=\"image-box.default\">\n\t\t\t\t\t<div class=\"elementor-image-box-wrapper\"><figure class=\"elementor-image-box-img\"><img loading=\"lazy\" decoding=\"async\" width=\"312\" height=\"313\" src=\"https:\/\/astrocables.com\/wp-content\/uploads\/2025\/03\/Max-conductor.png\" class=\"attachment-full size-full wp-image-10600\" alt=\"\" srcset=\"https:\/\/astrocables.com\/wp-content\/uploads\/2025\/03\/Max-conductor.png 312w, https:\/\/astrocables.com\/wp-content\/uploads\/2025\/03\/Max-conductor-300x300.png 300w, https:\/\/astrocables.com\/wp-content\/uploads\/2025\/03\/Max-conductor-150x150.png 150w\" sizes=\"(max-width: 312px) 100vw, 312px\" \/><\/figure><div class=\"elementor-image-box-content\"><p class=\"elementor-image-box-description\">Max conductor temperature in Service 90 C<\/p><\/div><\/div>\t\t\t\t<\/div>\n\t\t\t\t<div class=\"elementor-element elementor-element-aeb8592 elementor-align-center download-pdf-btn elementor-widget__width-initial elementor-widget elementor-widget-button\" data-id=\"aeb8592\" data-element_type=\"widget\" id=\"download-EAXT-pdf-btn\" data-widget_type=\"button.default\">\n\t\t\t\t\t\t\t\t\t\t<a class=\"elementor-button elementor-button-link elementor-size-sm\" href=\"#\">\n\t\t\t\t\t\t<span class=\"elementor-button-content-wrapper\">\n\t\t\t\t\t\t<span class=\"elementor-button-icon\">\n\t\t\t\t<i aria-hidden=\"true\" class=\"flaticon flaticon-download\"><\/i>\t\t\t<\/span>\n\t\t\t\t\t\t\t\t\t<span class=\"elementor-button-text\">Download EAXT PDF<\/span>\n\t\t\t\t\t<\/span>\n\t\t\t\t\t<\/a>\n\t\t\t\t\t\t\t\t<\/div>\n\t\t            <\/div>\r\n        <\/div>\r\n        \t\t\t<\/div>\n\t\t<\/section>\n\t\t            <\/div>\r\n        <\/div>\r\n        \t\t\t<\/div>\n\t\t<\/section>\n\t\t        <section class=\"elementor-section elementor-top-section elementor-element elementor-element-7b9d2b2 elementor-section-boxed elementor-section-height-default elementor-section-height-default pxl-type-header-none pxl-row-scroll-none pxl-bg-color-none pxl-section-overlay-none wpr-particle-no wpr-jarallax-no wpr-parallax-no wpr-sticky-section-no\" data-id=\"7b9d2b2\" data-element_type=\"section\">\n\n                \n                <div class=\"elementor-container elementor-column-gap-default\">\n                <div class=\"elementor-column elementor-col-100 elementor-top-column elementor-element elementor-element-9a999e2 pxl-col-none pxl-column-none\" data-id=\"9a999e2\" data-element_type=\"column\">\r\n        <div class=\"elementor-widget-wrap elementor-element-populated\">\r\n                     \r\n                    <\/div>\r\n        <\/div>\r\n        \t\t\t<\/div>\n\t\t<\/section>\n\t\t        <section class=\"elementor-section elementor-top-section elementor-element elementor-element-2021041 elementor-section-boxed elementor-section-height-default elementor-section-height-default pxl-type-header-none pxl-row-scroll-none pxl-bg-color-none pxl-section-overlay-none wpr-particle-no wpr-jarallax-no wpr-parallax-no wpr-sticky-section-no\" data-id=\"2021041\" data-element_type=\"section\">\n\n                \n                <div class=\"elementor-container elementor-column-gap-default\">\n                <div class=\"elementor-column elementor-col-100 elementor-top-column elementor-element elementor-element-611f96e pxl-col-none pxl-column-none\" data-id=\"611f96e\" data-element_type=\"column\">\r\n        <div class=\"elementor-widget-wrap elementor-element-populated\">\r\n                     \r\n        \t\t<div class=\"elementor-element elementor-element-3d42dba elementor-widget elementor-widget-html\" data-id=\"3d42dba\" data-element_type=\"widget\" data-widget_type=\"html.default\">\n\t\t\t\t\t<!-- CSV Table Filter instance -->\r\n<div id=\"EAXT-TABLE\"><\/div>\r\n<script>\r\njQuery(document).ready(function($) {\r\n    \/\/ Only run if our function exists\r\n    if (typeof window.loadCsvTableFilter === 'function') {\r\n        window.loadCsvTableFilter(\r\n            \"http:\/\/astrocables.com\/wp-content\/uploads\/2025\/06\/EAXT-MECHANICAL-PROPERTIES.csv\",\r\n            \"http:\/\/astrocables.com\/wp-content\/uploads\/2025\/06\/EAXT-ELECTRICAL-PROPERTIES.csv\",\r\n            \"http:\/\/astrocables.com\/wp-content\/uploads\/2025\/06\/EAXT.pdf\",\r\n            13852, \/\/ popup ID\r\n            \"EAXT-TABLE\" \/\/ must match the div id above\r\n        );\r\n    } else {\r\n        console.error('loadCsvTableFilter function not available');\r\n        \r\n        \/\/ Fallback: Try again after 1 second if function isn't available yet\r\n        setTimeout(function() {\r\n            if (typeof window.loadCsvTableFilter === 'function') {\r\n                window.loadCsvTableFilter(\r\n                    \"http:\/\/astrocables.com\/wp-content\/uploads\/2025\/06\/EAXT-MECHANICAL-PROPERTIES.csv\",\r\n                    \"http:\/\/astrocables.com\/wp-content\/uploads\/2025\/06\/EAXT-ELECTRICAL-PROPERTIES.csv\",\r\n                    \"http:\/\/astrocables.com\/wp-content\/uploads\/2025\/06\/EAXT.pdf\",\r\n                    13852,\r\n                    \"EAXT-TABLE\"\r\n                );\r\n            }\r\n        }, 1000);\r\n    }\r\n});\r\n<\/script>\t\t\t\t<\/div>\n\t\t            <\/div>\r\n        <\/div>\r\n        \t\t\t<\/div>\n\t\t<\/section>\n\t\t\t\t<\/div>","protected":false},"excerpt":{"rendered":"<p>EAXT EAXT &#8211; ABC Cables 0.6\/1 KV APPLICATION The aerial bundled cables designed for fixed installation as over head distribution lines Construction Wire Specifications Conductor Round Stranded Aluminium Neutral (Messenger) Round Stranded Aluminium Alloy (AAAC) Street lighting conductor Round Stranded Aluminium H-14 as per (BS EN 60889) &#8211; Cross section: 16 mm2 Insulation Black XLPF applied around the conductor and withstands till 90 C Colors Black with numbered and labeled phases for easy identification Ratings Wire Specifications Temperature &#8211; 20 C to + 90 C Voltage 600\/1000 V Applicable Standards NFC 33-209, IEC 60502-1 Packing Supplied on Wooden drums to ensure safe storage and transport Rated Voltage 0.6\/1 kv Minimum Bending Radius (mm) 15 x Overall Diameter Max conductor temperature in Service 90 C Download EAXT PDF<\/p>","protected":false},"author":2,"featured_media":0,"parent":0,"menu_order":0,"comment_status":"closed","ping_status":"closed","template":"elementor_theme","meta":{"inline_featured_image":false,"footnotes":""},"class_list":["post-13588","page","type-page","status-publish","hentry"],"aioseo_notices":[],"_links":{"self":[{"href":"https:\/\/astrocables.com\/fr\/wp-json\/wp\/v2\/pages\/13588","targetHints":{"allow":["GET"]}}],"collection":[{"href":"https:\/\/astrocables.com\/fr\/wp-json\/wp\/v2\/pages"}],"about":[{"href":"https:\/\/astrocables.com\/fr\/wp-json\/wp\/v2\/types\/page"}],"author":[{"embeddable":true,"href":"https:\/\/astrocables.com\/fr\/wp-json\/wp\/v2\/users\/2"}],"replies":[{"embeddable":true,"href":"https:\/\/astrocables.com\/fr\/wp-json\/wp\/v2\/comments?post=13588"}],"version-history":[{"count":3,"href":"https:\/\/astrocables.com\/fr\/wp-json\/wp\/v2\/pages\/13588\/revisions"}],"predecessor-version":[{"id":16895,"href":"https:\/\/astrocables.com\/fr\/wp-json\/wp\/v2\/pages\/13588\/revisions\/16895"}],"wp:attachment":[{"href":"https:\/\/astrocables.com\/fr\/wp-json\/wp\/v2\/media?parent=13588"}],"curies":[{"name":"wp","href":"https:\/\/api.w.org\/{rel}","templated":true}]}}